{"id":37,"date":"2017-08-14T11:37:08","date_gmt":"2017-08-14T11:37:08","guid":{"rendered":"http:\/\/patagoniasurpanama.com\/index.php\/about-us\/"},"modified":"2022-10-13T07:27:06","modified_gmt":"2022-10-13T07:27:06","slug":"nosotros","status":"publish","type":"page","link":"http:\/\/patagoniasurpanama.com\/index.php\/nosotros\/","title":{"rendered":"Nosotros"},"content":{"rendered":"\n\n\t<h1>\n\t\t\t\tNosotros\n\t\t\t<\/h1>\n\t\t\t\t<img loading=\"lazy\" src=\"http:\/\/patagoniasurpanama.com\/wp-content\/uploads\/2021\/08\/psurtrans.png\" alt=\"psurtrans\" itemprop=\"image\" height=\"262\" width=\"480\" title=\"psurtrans\" onerror=\"this.style.display='none'\"  \/>\n\t<h3>\n\t\t\t\tPatagonia sur s.a\n\t\t\t<\/h3>\n\t\tPatagonia Sur es una empresa ubicada en Panam\u00e1 ..centro de negocios a nivel mundial, nuestro marco de negocios se enfoca en el suministro de negocios a nivel mundial, nuestra capacidad de abastecimiento y distribuci\u00f3n de Alimentos abarca pa\u00edses como Brasil, Per\u00fa y Chile entre otros, contando con oficinas comerciales en cada uno de ellos asegurando la obtenci\u00f3n de productos de primera calidad y frescura.\u00a0Nuestra capacidad log\u00edstica nos permite abastecer la costa Pacifico y Atl\u00e1ntico, Centro Am\u00e9rica y el Caribe as\u00ed como los principales puertos del mundo.\t\n<h2>\n\t\tNuestras Oficinas\n\t<\/h2>\n\t\t\t\t<img loading=\"lazy\" src=\"http:\/\/patagoniasurpanama.com\/wp-content\/uploads\/bb-plugin\/cache\/chile250-150x150-circle.png\" alt=\"chile250\" itemprop=\"image\" height=\"150\" width=\"150\" title=\"chile250\" onerror=\"this.style.display='none'\"  \/>\n<h3>CHILE<\/h3>\t\t\n\t\t\t<h3><\/h3>\n<p>Kalo Food, Nal Rural s\/n, Ancud, Chiloe.<\/p>\n<p>Email Corporativo:<\/p>\n<p>exportaciones@patagoniasurpanama.com<\/p>\n<p>Watssap: + 56944261597<\/p>\n\t\t\t<a href=\"\" target=\"_self\" role=\"button\" rel=\"noopener\">\n\t\t\t\t\t\t\tContacto\n\t\t\t\t\t<\/a>\n\t\t\t\t<img loading=\"lazy\" src=\"http:\/\/patagoniasurpanama.com\/wp-content\/uploads\/bb-plugin\/cache\/panama250-150x150-circle.png\" alt=\"panama250\" itemprop=\"image\" height=\"150\" width=\"150\" title=\"panama250\" onerror=\"this.style.display='none'\"  \/>\n<h3>panama<\/h3>\t\t\n<p>PH Oceania Business Plaza Torre 2000 piso 37 oficina 37G<\/p>\n<p>Email Corporativo:<\/p>\n<p>gerencia@patagoniasurpanama.com<\/p>\n<p>Watssap: + 507 63273248<\/p>\n\t\t\t<a href=\"\" target=\"_self\" role=\"button\" rel=\"noopener\">\n\t\t\t\t\t\t\tContacto\n\t\t\t\t\t<\/a>\n\t\t\t\t<img loading=\"lazy\" src=\"http:\/\/patagoniasurpanama.com\/wp-content\/uploads\/2021\/08\/panama250-150x150.png\" alt=\"panama250\" itemprop=\"image\" height=\"150\" width=\"150\" title=\"panama250\" onerror=\"this.style.display='none'\"  \/>\n\t<h3>\n\t\t\t\tCasa Matriz\n\t\t\t<\/h3>\n\t\t<p>PH Oceania Business Plaza Torre 2000 piso 37 oficina 37G Rep\u00fablica de Panam\u00e1 Punta Pacifico <\/p>\t\n\t<iframe src=\"https:\/\/www.google.com\/maps\/embed\/v1\/place?q=PH+Oceania+Business+Plaza+Torre+2000&#038;key=AIzaSyD09zQ9PNDNNy9TadMuzRV_UsPUoWKntt8\" aria-hidden=\"true\"><\/iframe>\n\n","protected":false},"excerpt":{"rendered":"<p>Nosotros Patagonia sur s.a Patagonia Sur es una empresa ubicada en Panam\u00e1 ..centro de negocios a nivel mundial, nuestro marco de negocios se enfoca en el suministro de negocios a nivel mundial, nuestra capacidad de abastecimiento y distribuci\u00f3n de Alimentos abarca pa\u00edses como Brasil, Per\u00fa y Chile entre otros, contando con oficinas comerciales en cada &hellip;<\/p>\n<p class=\"read-more\"> <a class=\"\" href=\"http:\/\/patagoniasurpanama.com\/index.php\/nosotros\/\"> <span class=\"screen-reader-text\">Nosotros<\/span> Read More &raquo;<\/a><\/p>\n","protected":false},"author":1,"featured_media":0,"parent":0,"menu_order":0,"comment_status":"closed","ping_status":"closed","template":"","meta":{"om_disable_all_campaigns":false,"_monsterinsights_skip_tracking":false,"_monsterinsights_sitenote_active":false,"_monsterinsights_sitenote_note":"","_monsterinsights_sitenote_category":0},"_links":{"self":[{"href":"http:\/\/patagoniasurpanama.com\/index.php\/wp-json\/wp\/v2\/pages\/37"}],"collection":[{"href":"http:\/\/patagoniasurpanama.com\/index.php\/wp-json\/wp\/v2\/pages"}],"about":[{"href":"http:\/\/patagoniasurpanama.com\/index.php\/wp-json\/wp\/v2\/types\/page"}],"author":[{"embeddable":true,"href":"http:\/\/patagoniasurpanama.com\/index.php\/wp-json\/wp\/v2\/users\/1"}],"replies":[{"embeddable":true,"href":"http:\/\/patagoniasurpanama.com\/index.php\/wp-json\/wp\/v2\/comments?post=37"}],"version-history":[{"count":35,"href":"http:\/\/patagoniasurpanama.com\/index.php\/wp-json\/wp\/v2\/pages\/37\/revisions"}],"predecessor-version":[{"id":740,"href":"http:\/\/patagoniasurpanama.com\/index.php\/wp-json\/wp\/v2\/pages\/37\/revisions\/740"}],"wp:attachment":[{"href":"http:\/\/patagoniasurpanama.com\/index.php\/wp-json\/wp\/v2\/media?parent=37"}],"curies":[{"name":"wp","href":"https:\/\/api.w.org\/{rel}","templated":true}]}}